{"id":32,"date":"2026-01-08T09:14:58","date_gmt":"2026-01-08T09:14:58","guid":{"rendered":"https:\/\/as9-com.com\/?page_id=32"},"modified":"2026-01-09T03:19:09","modified_gmt":"2026-01-09T03:19:09","slug":"trang-chu","status":"publish","type":"page","link":"https:\/\/as9-com.com\/","title":{"rendered":"Trang ch\u1ee7"},"content":{"rendered":"<div class=\"row row-collapse row-full-width\"  id=\"row-2039372377\">\n\n\t<div id=\"col-312093153\" class=\"col medium-4 large-4\"  >\n\t\t\t\t<div class=\"col-inner\"  >\n\t\t\t\n\t\t\t\n\t<div class=\"img has-hover x md-x lg-x y md-y lg-y\" id=\"image_1230659958\">\n\t\t<a class=\"\" href=\"https:\/\/as9-com.com\/qc\/1\" target=\"_blank\" rel=\"noopener\" >\t\t\t\t\t\t<div class=\"img-inner dark\" >\n\t\t\t<img loading=\"lazy\" decoding=\"async\" width=\"710\" height=\"320\" src=\"https:\/\/as9-com.com\/wp-content\/uploads\/2026\/01\/as9-lx.avif\" class=\"attachment-original size-original\" alt=\"as9\" srcset=\"https:\/\/as9-com.com\/wp-content\/uploads\/2026\/01\/as9-lx.avif 710w, https:\/\/as9-com.com\/wp-content\/uploads\/2026\/01\/as9-lx-300x135.avif 300w\" sizes=\"auto, (max-width: 710px) 100vw, 710px\" \/>\t\t\t\t\t\t\n\t\t\t\t\t<\/div>\n\t\t\t\t\t\t<\/a>\t\t\n<style>\n#image_1230659958 {\n  width: 100%;\n}\n<\/style>\n\t<\/div>\n\t\n\t\t<\/div>\n\t\t\t\t\t<\/div>\n\n\t\n\n\t<div id=\"col-564094644\" class=\"col medium-4 large-4\"  >\n\t\t\t\t<div class=\"col-inner\"  >\n\t\t\t\n\t\t\t\n\t<div class=\"img has-hover x md-x lg-x y md-y lg-y\" id=\"image_164764177\">\n\t\t<a class=\"\" href=\"https:\/\/as9-com.com\/qc\/1\" target=\"_blank\" rel=\"noopener\" >\t\t\t\t\t\t<div class=\"img-inner dark\" >\n\t\t\t<img loading=\"lazy\" decoding=\"async\" width=\"710\" height=\"320\" src=\"https:\/\/as9-com.com\/wp-content\/uploads\/2026\/01\/as9-dn.avif\" class=\"attachment-original size-original\" alt=\"as9\" srcset=\"https:\/\/as9-com.com\/wp-content\/uploads\/2026\/01\/as9-dn.avif 710w, https:\/\/as9-com.com\/wp-content\/uploads\/2026\/01\/as9-dn-300x135.avif 300w\" sizes=\"auto, (max-width: 710px) 100vw, 710px\" \/>\t\t\t\t\t\t\n\t\t\t\t\t<\/div>\n\t\t\t\t\t\t<\/a>\t\t\n<style>\n#image_164764177 {\n  width: 100%;\n}\n<\/style>\n\t<\/div>\n\t\n\t\t<\/div>\n\t\t\t\t\t<\/div>\n\n\t\n\n\t<div id=\"col-523232454\" class=\"col medium-4 large-4\"  >\n\t\t\t\t<div class=\"col-inner\"  >\n\t\t\t\n\t\t\t\n\t<div class=\"img has-hover x md-x lg-x y md-y lg-y\" id=\"image_1995850811\">\n\t\t<a class=\"\" href=\"https:\/\/as9-com.com\/qc\/1\" target=\"_blank\" rel=\"noopener\" >\t\t\t\t\t\t<div class=\"img-inner dark\" >\n\t\t\t<img loading=\"lazy\" decoding=\"async\" width=\"710\" height=\"320\" src=\"https:\/\/as9-com.com\/wp-content\/uploads\/2026\/01\/tai-as9.avif\" class=\"attachment-original size-original\" alt=\"\" srcset=\"https:\/\/as9-com.com\/wp-content\/uploads\/2026\/01\/tai-as9.avif 710w, https:\/\/as9-com.com\/wp-content\/uploads\/2026\/01\/tai-as9-300x135.avif 300w\" sizes=\"auto, (max-width: 710px) 100vw, 710px\" \/>\t\t\t\t\t\t\n\t\t\t\t\t<\/div>\n\t\t\t\t\t\t<\/a>\t\t\n<style>\n#image_1995850811 {\n  width: 100%;\n}\n<\/style>\n\t<\/div>\n\t\n\t\t<\/div>\n\t\t\t\t\t<\/div>\n\n\t\n<\/div>\n<div class=\"row\"  id=\"row-424637654\">\n\n\t<div id=\"col-1682722132\" class=\"col small-12 large-12\"  >\n\t\t\t\t<div class=\"col-inner\"  >\n\t\t\t\n\t\t\t\n\t<div id=\"text-3623915951\" class=\"text\">\n\t\t\n<h1 style=\"text-align: center;\"><span style=\"font-family: verdana, geneva, sans-serif;\"><a href=\"https:\/\/duew5d4neidu5.cloudfront.net\/\" target=\"_blank\" rel=\"noopener\">AS9<\/a> &#8211; Link Truy C\u1eadp AS9.COM M\u1edbi Kh\u00f4ng Ch\u1eb7n | \u0110\u0103ng K\u00fd +88k<\/span><\/h1>\n<p data-path-to-node=\"3\"><span style=\"font-family: verdana, geneva, sans-serif;\"><strong><a href=\"https:\/\/as9-com.com\/\">AS9<\/a> <\/strong>l\u00e0 m\u1ed9t trong nh\u1eefng n\u1ec1n t\u1ea3ng c\u00e1 c\u01b0\u1ee3c tr\u1ef1c tuy\u1ebfn <b>uy t\u00edn<\/b>\u00a0\u0111\u01b0\u1ee3c \u0111\u00f4ng \u0111\u1ea3o ng\u01b0\u1eddi ch\u01a1i kh\u1eafp Ch\u00e2u \u00c1 l\u1ef1a ch\u1ecdn. V\u1edbi kinh nghi\u1ec7m ho\u1ea1t \u0111\u1ed9ng l\u00e2u n\u0103m c\u00f9ng c\u00e1c d\u1ecbch v\u1ee5 v\u01b0\u1ee3t tr\u1ed9i,\u00a0<b>TR88<\/b>\u00a0\u0111\u00e3 ki\u1ebfn t\u1ea1o \u0111\u01b0\u1ee3c danh ti\u1ebfng v\u1eefng ch\u1eafc trong l\u0129nh v\u1ef1c gi\u1ea3i tr\u00ed, thu h\u00fat l\u01b0\u1ee3ng l\u1edbn th\u00e0nh vi\u00ean nh\u1edd\u00a0<b>ch\u1ea5t l\u01b0\u1ee3ng d\u1ecbch v\u1ee5 n\u1ed5i b\u1eadt<\/b>\u00a0v\u00e0 s\u1ef1 \u1ed5n \u0111\u1ecbnh c\u1ee7a h\u1ec7 th\u1ed1ng.<\/span><\/p>\n<h2 data-path-to-node=\"4\"><span style=\"font-family: verdana, geneva, sans-serif;\"><b>Gi\u1edbi Thi\u1ec7u T\u1ed5ng Quan V\u1ec1 Th\u01b0\u01a1ng Hi\u1ec7u AS9<\/b><\/span><\/h2>\n<p data-path-to-node=\"5\"><span style=\"font-family: verdana, geneva, sans-serif;\"><b>AS9 <\/b>l\u00e0 c\u00e1i t\u00ean quen thu\u1ed9c v\u1edbi c\u1ed9ng \u0111\u1ed3ng game th\u1ee7 online khu v\u1ef1c Ch\u00e2u \u00c1, t\u1ef1 h\u00e0o v\u1edbi tr\u00ean\u00a0<b>10 n\u0103m ho\u1ea1t \u0111\u1ed9ng<\/b>\u00a0li\u00ean t\u1ee5c. Nh\u00e0 c\u00e1i \u0111\u00e3 ch\u1ee9ng minh \u0111\u1eb3ng c\u1ea5p c\u1ee7a m\u00ecnh, tr\u1edf th\u00e0nh m\u1ed9t th\u01b0\u01a1ng hi\u1ec7u \u0111\u00e1ng tin c\u1eady, thu h\u00fat h\u00e0ng tri\u1ec7u c\u01b0\u1ee3c th\u1ee7 tham gia.<\/span><\/p>\n<ul data-path-to-node=\"6\">\n<li>\n<p data-path-to-node=\"6,0,0\"><span style=\"font-family: verdana, geneva, sans-serif;\"><b>T\u00ednh Ph\u00e1p L\u00fd &amp; B\u1ea3o M\u1eadt:<\/b> <strong>S9<\/strong> v\u1eadn h\u00e0nh ho\u00e0n to\u00e0n h\u1ee3p ph\u00e1p d\u01b0\u1edbi s\u1ef1 c\u1ea5p ph\u00e9p v\u00e0 gi\u00e1m s\u00e1t c\u1ee7a t\u1ed5 ch\u1ee9c uy t\u00edn <b>CEZA<\/b>. Ch\u00ednh s\u00e1ch b\u1ea3o m\u1eadt cam k\u1ebft b\u1ea3o v\u1ec7 th\u00f4ng tin c\u00e1 nh\u00e2n v\u00e0 t\u00e0i kho\u1ea3n ng\u01b0\u1eddi ch\u01a1i \u1edf\u00a0<b>c\u1ea5p \u0111\u1ed9 cao nh\u1ea5t<\/b>\u00a0th\u00f4ng qua c\u00f4ng ngh\u1ec7 m\u00e3 h\u00f3a hi\u1ec7n \u0111\u1ea1i.<\/span><\/p>\n<\/li>\n<li>\n<p data-path-to-node=\"6,1,0\"><span style=\"font-family: verdana, geneva, sans-serif;\"><b>Kho Game \u0110a D\u1ea1ng:<\/b>\u00a0B\u1ea1n s\u1ebd \u1ea5n t\u01b0\u1ee3ng v\u1edbi h\u1ec7 th\u1ed1ng s\u1ea3n ph\u1ea9m phong ph\u00fa:\u00a0<b>C\u00e1 \u0111\u1ed9 th\u1ec3 thao, Live Casino tr\u1ef1c tuy\u1ebfn, Game b\u00e0i d\u00e2n gian<\/b>\u00a0(Ti\u1ebfn l\u00ean, Ph\u1ecfm, X\u00ec d\u00e1ch),\u00a0<b>X\u1ed5 s\u1ed1, L\u00f4 \u0111\u1ec1<\/b>\u00a0v\u00e0\u00a0<b>Slot game<\/b>\u00a0h\u1ea5p d\u1eabn.<\/span><\/p>\n<\/li>\n<li>\n<p data-path-to-node=\"6,2,0\"><span style=\"font-family: verdana, geneva, sans-serif;\"><b>Giao D\u1ecbch Si\u00eau T\u1ed1c:<\/b>\u00a0Th\u1ee7 t\u1ee5c\u00a0<b>n\u1ea1p\/r\u00fat ti\u1ec1n \u0111\u01a1n gi\u1ea3n, nhanh ch\u00f3ng<\/b>\u00a0\u0111\u01b0\u1ee3c th\u1ef1c hi\u1ec7n t\u1ef1 \u0111\u1ed9ng, \u0111\u1ea3m b\u1ea3o qu\u00e1 tr\u00ecnh c\u00e1 c\u01b0\u1ee3c c\u1ee7a b\u1ea1n di\u1ec5n ra li\u1ec1n m\u1ea1ch.<\/span><\/p>\n<\/li>\n<li>\n<p data-path-to-node=\"6,3,0\"><span style=\"font-family: verdana, geneva, sans-serif;\"><b>\u01afu \u0110\u00e3i H\u1ea5p D\u1eabn:<\/b>\u00a0Th\u01b0\u01a1ng hi\u1ec7u th\u01b0\u1eddng xuy\u00ean \u0111\u01b0a ra c\u00e1c \u01b0u \u0111\u00e3i \u0111\u1eb7c bi\u1ec7t nh\u01b0\u00a0<b>ti\u1ec1n th\u01b0\u1edfng ch\u00e0o m\u1eebng l\u1edbn, th\u01b0\u1edfng n\u1ea1p l\u1ea1i, ho\u00e0n tr\u1ea3 c\u01b0\u1ee3c thua<\/b>\u00a0cao, v.v., t\u1ed1i \u0111a h\u00f3a l\u1ee3i \u00edch cho th\u00e0nh vi\u00ean.<\/span><\/p>\n<\/li>\n<\/ul>\n<h2><span style=\"font-family: verdana, geneva, sans-serif;\"><strong>C\u00e1c y\u1ebfu t\u1ed1 l\u00e0m n\u00ean t\u00ean tu\u1ed5i c\u1ee7a AS9<\/strong><\/span><\/h2>\n<ul>\n<li><span style=\"font-family: verdana, geneva, sans-serif;\"><strong>T\u1ef7 L\u1ec7 Tr\u1ea3 Th\u01b0\u1edfng D\u1eabn \u0110\u1ea7u:<\/strong> Cung c\u1ea5p c\u00e1c k\u00e8o c\u01b0\u1ee3c phong ph\u00fa (Ch\u00e2u \u00c1, Ch\u00e2u \u00c2u, T\u00e0i X\u1ec9u) v\u1edbi m\u1ee9c th\u01b0\u1edfng d\u1eabn \u0111\u1ea7u th\u1ecb tr\u01b0\u1eddng, gi\u00fap h\u1ed9i vi\u00ean t\u1ed1i \u0111a h\u00f3a l\u1ee3i nhu\u1eadn. Ch\u00ednh s\u00e1ch ho\u00e0n tr\u1ea3 c\u1ea1nh tranh b\u1ea3o v\u1ec7 quy\u1ec1n l\u1ee3i ng\u01b0\u1eddi ch\u01a1i.<\/span><\/li>\n<li><span style=\"font-family: verdana, geneva, sans-serif;\"><strong>Ch\u1ea5t L\u01b0\u1ee3ng Tr\u00f2 Ch\u01a1i Cao:<\/strong> S\u1ea3n ph\u1ea9m \u0111\u1ebfn t\u1eeb c\u00e1c nh\u00e0 ph\u00e1t tri\u1ec3n game h\u00e0ng \u0111\u1ea7u, \u0111\u01b0\u1ee3c c\u1eadp nh\u1eadt li\u00ean t\u1ee5c: C\u00e1 \u0111\u1ed9 th\u1ec3 thao v\u1edbi \u0111\u1ea7y \u0111\u1ee7 c\u00e1c gi\u1ea3i \u0111\u1ea5u l\u1edbn; Live Casino ch\u00e2n th\u1ef1c nh\u01b0 s\u00f2ng b\u1ea1c th\u1ef1c th\u1ee5; Game b\u00e0i online v\u00e0 Slot game \u0111\u1ed3 h\u1ecda h\u1ea5p d\u1eabn.<\/span><\/li>\n<li><span style=\"font-family: verdana, geneva, sans-serif;\"><strong style=\"font-size: 14.4px;\">Giao D\u1ecbch T\u1ef1 \u0110\u1ed9ng &amp; An To\u00e0n:<\/strong>\u00a0Li\u00ean k\u1ebft v\u1edbi nhi\u1ec1u ng\u00e2n h\u00e0ng n\u1ed9i \u0111\u1ecba l\u1edbn. Giao d\u1ecbch \u0111\u01b0\u1ee3c th\u1ef1c hi\u1ec7n t\u1ef1 \u0111\u1ed9ng, \u0111\u1ea3m b\u1ea3o n\u1ea1p\/r\u00fat ch\u1ec9 m\u1ea5t v\u00e0i ph\u00fat, ti\u1ec7n l\u1ee3i v\u00e0 an to\u00e0n tuy\u1ec7t \u0111\u1ed1i 100%.<\/span><\/li>\n<li><span style=\"font-family: verdana, geneva, sans-serif;\"><strong>H\u1ed7 Tr\u1ee3 \u0110a N\u1ec1n T\u1ea3ng T\u1ed1i \u01afu:<\/strong> Tr\u1ea3i nghi\u1ec7m ch\u01a1i game ho\u00e0n h\u1ea3o tr\u00ean laptop, smartphone (iOS\/Android) hay m\u00e1y t\u00ednh b\u1ea3ng. Giao di\u1ec7n tr\u1ef1c quan, d\u1ec5 thao t\u00e1c, \u0111\u1ea3m b\u1ea3o kh\u00f4ng gi\u1eadt lag.<\/span><\/li>\n<\/ul>\n<h2>Kho game \u0111a d\u1ea1ng v\u00e0 phong ph\u00fa<\/h2>\n\t\t\n<style>\n#text-3623915951 {\n  color: rgb(0,0,0);\n}\n#text-3623915951 > * {\n  color: rgb(0,0,0);\n}\n<\/style>\n\t<\/div>\n\t\n\t\t<\/div>\n\t\t\t\t\t<\/div>\n\n\t\n<\/div>\n<div class=\"row\"  id=\"row-1280451718\">\n\n\t<div id=\"col-677853689\" class=\"col medium-4 small-12 large-4\"  >\n\t\t\t\t<div class=\"col-inner\"  >\n\t\t\t\n\t\t\t\n\t<div class=\"box has-hover   has-hover box-text-bottom\" >\n\n\t\t<div class=\"box-image\" >\n\t\t\t<a href=\"https:\/\/as9-com.com\/qc\/2\" target=\"_blank\" rel=\"noopener\">\t\t\t<div class=\"image-zoom\" >\n\t\t\t\t<img loading=\"lazy\" decoding=\"async\" width=\"755\" height=\"426\" src=\"https:\/\/as9-com.com\/wp-content\/uploads\/2026\/01\/live-banner.png\" class=\"attachment- size-\" alt=\"AS9\" srcset=\"https:\/\/as9-com.com\/wp-content\/uploads\/2026\/01\/live-banner.png 755w, https:\/\/as9-com.com\/wp-content\/uploads\/2026\/01\/live-banner-300x169.png 300w\" sizes=\"auto, (max-width: 755px) 100vw, 755px\" \/>\t\t\t\t\t\t\t\t\t\t\t<\/div>\n\t\t\t<\/a>\t\t<\/div>\n\n\t\t<div class=\"box-text text-center\" >\n\t\t\t<div class=\"box-text-inner\">\n\t\t\t\t\n<h3 style=\"text-align: center;\"><span style=\"font-family: verdana, geneva, sans-serif; font-size: 150%;\"><strong>CASINO<\/strong><\/span><\/h3>\n\t\t\t<\/div>\n\t\t<\/div>\n\t<\/div>\n\t\n\t\t<\/div>\n\t\t\t\t\t<\/div>\n\n\t\n\n\t<div id=\"col-1401769925\" class=\"col medium-4 small-12 large-4\"  >\n\t\t\t\t<div class=\"col-inner\"  >\n\t\t\t\n\t\t\t\n\t<div class=\"box has-hover   has-hover box-text-bottom\" >\n\n\t\t<div class=\"box-image\" >\n\t\t\t<a href=\"https:\/\/as9-com.com\/qc\/2\" target=\"_blank\" rel=\"noopener\">\t\t\t<div class=\"image-zoom\" >\n\t\t\t\t<img loading=\"lazy\" decoding=\"async\" width=\"747\" height=\"445\" src=\"https:\/\/as9-com.com\/wp-content\/uploads\/2026\/01\/rng-banner.png\" class=\"attachment- size-\" alt=\"AS9\" srcset=\"https:\/\/as9-com.com\/wp-content\/uploads\/2026\/01\/rng-banner.png 747w, https:\/\/as9-com.com\/wp-content\/uploads\/2026\/01\/rng-banner-300x179.png 300w\" sizes=\"auto, (max-width: 747px) 100vw, 747px\" \/>\t\t\t\t\t\t\t\t\t\t\t<\/div>\n\t\t\t<\/a>\t\t<\/div>\n\n\t\t<div class=\"box-text text-center\" >\n\t\t\t<div class=\"box-text-inner\">\n\t\t\t\t\n<h3 style=\"text-align: center;\"><span style=\"font-family: verdana, geneva, sans-serif; font-size: 150%;\"><strong>N\u1ed4 H\u1ee6<\/strong><\/span><\/h3>\n\t\t\t<\/div>\n\t\t<\/div>\n\t<\/div>\n\t\n\t\t<\/div>\n\t\t\t\t\t<\/div>\n\n\t\n\n\t<div id=\"col-1225959173\" class=\"col medium-4 small-12 large-4\"  >\n\t\t\t\t<div class=\"col-inner\"  >\n\t\t\t\n\t\t\t\n\t<div class=\"box has-hover   has-hover box-text-bottom\" >\n\n\t\t<div class=\"box-image\" >\n\t\t\t<a href=\"https:\/\/as9-com.com\/qc\/2\" target=\"_blank\" rel=\"noopener\">\t\t\t<div class=\"image-zoom\" >\n\t\t\t\t<img loading=\"lazy\" decoding=\"async\" width=\"754\" height=\"442\" src=\"https:\/\/as9-com.com\/wp-content\/uploads\/2026\/01\/sports-banner.png\" class=\"attachment- size-\" alt=\"AS9\" srcset=\"https:\/\/as9-com.com\/wp-content\/uploads\/2026\/01\/sports-banner.png 754w, https:\/\/as9-com.com\/wp-content\/uploads\/2026\/01\/sports-banner-300x176.png 300w\" sizes=\"auto, (max-width: 754px) 100vw, 754px\" \/>\t\t\t\t\t\t\t\t\t\t\t<\/div>\n\t\t\t<\/a>\t\t<\/div>\n\n\t\t<div class=\"box-text text-center\" >\n\t\t\t<div class=\"box-text-inner\">\n\t\t\t\t\n<h3 style=\"text-align: center;\"><span style=\"font-family: verdana, geneva, sans-serif; font-size: 150%;\"><strong>Th\u1ec3 Thao<\/strong><\/span><\/h3>\n\t\t\t<\/div>\n\t\t<\/div>\n\t<\/div>\n\t\n\t\t<\/div>\n\t\t\t\t\t<\/div>\n\n\t\n<\/div>\n<div class=\"row\"  id=\"row-1920789613\">\n\n\t<div id=\"col-315140146\" class=\"col medium-3 small-6 large-3\"  >\n\t\t\t\t<div class=\"col-inner\"  >\n\t\t\t\n\t\t\t\n\t<div class=\"box has-hover   has-hover box-text-bottom\" >\n\n\t\t<div class=\"box-image\" >\n\t\t\t<a href=\"https:\/\/as9-com.com\/qc\/2\" target=\"_blank\" rel=\"noopener\">\t\t\t<div class=\"image-zoom\" >\n\t\t\t\t<img loading=\"lazy\" decoding=\"async\" width=\"441\" height=\"335\" src=\"https:\/\/as9-com.com\/wp-content\/uploads\/2026\/01\/fish-banner.png\" class=\"attachment- size-\" alt=\"AS9\" srcset=\"https:\/\/as9-com.com\/wp-content\/uploads\/2026\/01\/fish-banner.png 441w, https:\/\/as9-com.com\/wp-content\/uploads\/2026\/01\/fish-banner-300x228.png 300w\" sizes=\"auto, (max-width: 441px) 100vw, 441px\" \/>\t\t\t\t\t\t\t\t\t\t\t<\/div>\n\t\t\t<\/a>\t\t<\/div>\n\n\t\t<div class=\"box-text text-center\" >\n\t\t\t<div class=\"box-text-inner\">\n\t\t\t\t\n<h3 style=\"text-align: center;\"><span style=\"font-family: verdana, geneva, sans-serif; font-size: 150%;\"><strong>B\u1eaeN C\u00c1<\/strong><\/span><\/h3>\n\t\t\t<\/div>\n\t\t<\/div>\n\t<\/div>\n\t\n\t\t<\/div>\n\t\t\t\t\t<\/div>\n\n\t\n\n\t<div id=\"col-1941688486\" class=\"col medium-3 small-6 large-3\"  >\n\t\t\t\t<div class=\"col-inner\"  >\n\t\t\t\n\t\t\t\n\t<div class=\"box has-hover   has-hover box-text-bottom\" >\n\n\t\t<div class=\"box-image\" >\n\t\t\t<a href=\"https:\/\/as9-com.com\/qc\/2\" target=\"_blank\" rel=\"noopener\">\t\t\t<div class=\"image-zoom\" >\n\t\t\t\t<img loading=\"lazy\" decoding=\"async\" width=\"221\" height=\"170\" src=\"https:\/\/as9-com.com\/wp-content\/uploads\/2026\/01\/pvp-banner.png\" class=\"attachment- size-\" alt=\"AS9\" \/>\t\t\t\t\t\t\t\t\t\t\t<\/div>\n\t\t\t<\/a>\t\t<\/div>\n\n\t\t<div class=\"box-text text-center\" >\n\t\t\t<div class=\"box-text-inner\">\n\t\t\t\t\n<h3 style=\"text-align: center;\"><span style=\"font-family: verdana, geneva, sans-serif; font-size: 150%;\"><strong>GAME B\u00c0I<\/strong><\/span><\/h3>\n\t\t\t<\/div>\n\t\t<\/div>\n\t<\/div>\n\t\n\t\t<\/div>\n\t\t\t\t\t<\/div>\n\n\t\n\n\t<div id=\"col-1412260147\" class=\"col medium-3 small-6 large-3\"  >\n\t\t\t\t<div class=\"col-inner\"  >\n\t\t\t\n\t\t\t\n\t<div class=\"box has-hover   has-hover box-text-bottom\" >\n\n\t\t<div class=\"box-image\" style=\"width:93%;\">\n\t\t\t<a href=\"https:\/\/as9-com.com\/qc\/2\" target=\"_blank\" rel=\"noopener\">\t\t\t<div class=\"image-zoom\" >\n\t\t\t\t<img loading=\"lazy\" decoding=\"async\" width=\"441\" height=\"367\" src=\"https:\/\/as9-com.com\/wp-content\/uploads\/2026\/01\/elott-banner.png\" class=\"attachment- size-\" alt=\"AS9\" srcset=\"https:\/\/as9-com.com\/wp-content\/uploads\/2026\/01\/elott-banner.png 441w, https:\/\/as9-com.com\/wp-content\/uploads\/2026\/01\/elott-banner-300x250.png 300w\" sizes=\"auto, (max-width: 441px) 100vw, 441px\" \/>\t\t\t\t\t\t\t\t\t\t\t<\/div>\n\t\t\t<\/a>\t\t<\/div>\n\n\t\t<div class=\"box-text text-center\" >\n\t\t\t<div class=\"box-text-inner\">\n\t\t\t\t\n<h3 style=\"text-align: center;\"><span style=\"font-family: verdana, geneva, sans-serif; font-size: 150%;\"><strong>X\u1ed4 S\u1ed0<\/strong><\/span><\/h3>\n\t\t\t<\/div>\n\t\t<\/div>\n\t<\/div>\n\t\n\t\t<\/div>\n\t\t\t\t\t<\/div>\n\n\t\n\n\t<div id=\"col-39964754\" class=\"col medium-3 small-6 large-3\"  >\n\t\t\t\t<div class=\"col-inner\"  >\n\t\t\t\n\t\t\t\n\t<div class=\"box has-hover   has-hover box-text-bottom\" >\n\n\t\t<div class=\"box-image\" style=\"width:85%;\">\n\t\t\t<a href=\"https:\/\/as9-com.com\/qc\/2\" target=\"_blank\" rel=\"noopener\">\t\t\t<div class=\"image-zoom\" >\n\t\t\t\t<img loading=\"lazy\" decoding=\"async\" width=\"381\" height=\"349\" src=\"https:\/\/as9-com.com\/wp-content\/uploads\/2026\/01\/cockfight-banner.png\" class=\"attachment- size-\" alt=\"\" srcset=\"https:\/\/as9-com.com\/wp-content\/uploads\/2026\/01\/cockfight-banner.png 381w, https:\/\/as9-com.com\/wp-content\/uploads\/2026\/01\/cockfight-banner-300x275.png 300w\" sizes=\"auto, (max-width: 381px) 100vw, 381px\" \/>\t\t\t\t\t\t\t\t\t\t\t<\/div>\n\t\t\t<\/a>\t\t<\/div>\n\n\t\t<div class=\"box-text text-center\" >\n\t\t\t<div class=\"box-text-inner\">\n\t\t\t\t\n<h3 style=\"text-align: center;\"><span style=\"font-family: verdana, geneva, sans-serif; font-size: 150%;\"><strong>\u0110\u00c1 G\u00c0<\/strong><\/span><\/h3>\n\t\t\t<\/div>\n\t\t<\/div>\n\t<\/div>\n\t\n\t\t<\/div>\n\t\t\t\t\t<\/div>\n\n\t\n<\/div>\n<div class=\"row\"  id=\"row-682754220\">\n\n\t<div id=\"col-1694956801\" class=\"col small-12 large-12\"  >\n\t\t\t\t<div class=\"col-inner\"  >\n\t\t\t\n\t\t\t\n<h2><span style=\"font-family: verdana, geneva, sans-serif;\">C\u00e1c ch\u01b0\u01a1ng tr\u00ecnh khuy\u1ebfn m\u00e3i si\u00eau h\u1ea5p d\u1eabn<\/span><\/h2>\n\t\t<\/div>\n\t\t\t\t\t<\/div>\n\n\t\n<\/div>\n<div class=\"row\"  id=\"row-1125638335\">\n\n\t<div id=\"col-1094817022\" class=\"col medium-6 small-12 large-6\"  >\n\t\t\t\t<div class=\"col-inner\"  >\n\t\t\t\n\t\t\t\n\t<div class=\"img has-hover x md-x lg-x y md-y lg-y\" id=\"image_145360942\">\n\t\t<a class=\"\" href=\"https:\/\/as9-com.com\/qc\/2\" target=\"_blank\" rel=\"noopener\">\t\t\t\t\t\t<div class=\"img-inner dark\" >\n\t\t\t<img loading=\"lazy\" decoding=\"async\" width=\"710\" height=\"320\" src=\"https:\/\/as9-com.com\/wp-content\/uploads\/2026\/01\/as9-napdau.avif\" class=\"attachment-original size-original\" alt=\"as9\" srcset=\"https:\/\/as9-com.com\/wp-content\/uploads\/2026\/01\/as9-napdau.avif 710w, https:\/\/as9-com.com\/wp-content\/uploads\/2026\/01\/as9-napdau-300x135.avif 300w\" sizes=\"auto, (max-width: 710px) 100vw, 710px\" \/>\t\t\t\t\t\t\n\t\t\t\t\t<\/div>\n\t\t\t\t\t\t<\/a>\t\t\n<style>\n#image_145360942 {\n  width: 100%;\n}\n<\/style>\n\t<\/div>\n\t\n\t\t<\/div>\n\t\t\t\t\t<\/div>\n\n\t\n\n\t<div id=\"col-1145549319\" class=\"col medium-6 small-12 large-6\"  >\n\t\t\t\t<div class=\"col-inner\"  >\n\t\t\t\n\t\t\t\n\t<div class=\"img has-hover x md-x lg-x y md-y lg-y\" id=\"image_1406186829\">\n\t\t<a class=\"\" href=\"https:\/\/as9-com.com\/qc\/2\" target=\"_blank\" rel=\"noopener\">\t\t\t\t\t\t<div class=\"img-inner dark\" >\n\t\t\t<img loading=\"lazy\" decoding=\"async\" width=\"710\" height=\"320\" src=\"https:\/\/as9-com.com\/wp-content\/uploads\/2026\/01\/as9-vqmn.avif\" class=\"attachment-original size-original\" alt=\"as9\" srcset=\"https:\/\/as9-com.com\/wp-content\/uploads\/2026\/01\/as9-vqmn.avif 710w, https:\/\/as9-com.com\/wp-content\/uploads\/2026\/01\/as9-vqmn-300x135.avif 300w\" sizes=\"auto, (max-width: 710px) 100vw, 710px\" \/>\t\t\t\t\t\t\n\t\t\t\t\t<\/div>\n\t\t\t\t\t\t<\/a>\t\t\n<style>\n#image_1406186829 {\n  width: 100%;\n}\n<\/style>\n\t<\/div>\n\t\n\t\t<\/div>\n\t\t\t\t\t<\/div>\n\n\t\n<\/div>\n<div class=\"row\"  id=\"row-2015056072\">\n\n\t<div id=\"col-122893298\" class=\"col medium-6 small-12 large-6\"  >\n\t\t\t\t<div class=\"col-inner\"  >\n\t\t\t\n\t\t\t\n\t<div class=\"img has-hover x md-x lg-x y md-y lg-y\" id=\"image_269383026\">\n\t\t<a class=\"\" href=\"https:\/\/as9-com.com\/qc\/2\" target=\"_blank\" rel=\"noopener\">\t\t\t\t\t\t<div class=\"img-inner dark\" >\n\t\t\t<img loading=\"lazy\" decoding=\"async\" width=\"710\" height=\"320\" src=\"https:\/\/as9-com.com\/wp-content\/uploads\/2026\/01\/as9-km.avif\" class=\"attachment-original size-original\" alt=\"\" srcset=\"https:\/\/as9-com.com\/wp-content\/uploads\/2026\/01\/as9-km.avif 710w, https:\/\/as9-com.com\/wp-content\/uploads\/2026\/01\/as9-km-300x135.avif 300w\" sizes=\"auto, (max-width: 710px) 100vw, 710px\" \/>\t\t\t\t\t\t\n\t\t\t\t\t<\/div>\n\t\t\t\t\t\t<\/a>\t\t\n<style>\n#image_269383026 {\n  width: 100%;\n}\n<\/style>\n\t<\/div>\n\t\n\t\t<\/div>\n\t\t\t\t\t<\/div>\n\n\t\n\n\t<div id=\"col-940116882\" class=\"col medium-6 small-12 large-6\"  >\n\t\t\t\t<div class=\"col-inner\"  >\n\t\t\t\n\t\t\t\n\t<div class=\"img has-hover x md-x lg-x y md-y lg-y\" id=\"image_541237422\">\n\t\t<a class=\"\" href=\"https:\/\/as9-com.com\/qc\/2\" target=\"_blank\" rel=\"noopener\">\t\t\t\t\t\t<div class=\"img-inner dark\" >\n\t\t\t<img loading=\"lazy\" decoding=\"async\" width=\"710\" height=\"320\" src=\"https:\/\/as9-com.com\/wp-content\/uploads\/2026\/01\/as9-game.avif\" class=\"attachment-original size-original\" alt=\"as9\" srcset=\"https:\/\/as9-com.com\/wp-content\/uploads\/2026\/01\/as9-game.avif 710w, https:\/\/as9-com.com\/wp-content\/uploads\/2026\/01\/as9-game-300x135.avif 300w\" sizes=\"auto, (max-width: 710px) 100vw, 710px\" \/>\t\t\t\t\t\t\n\t\t\t\t\t<\/div>\n\t\t\t\t\t\t<\/a>\t\t\n<style>\n#image_541237422 {\n  width: 100%;\n}\n<\/style>\n\t<\/div>\n\t\n\t\t<\/div>\n\t\t\t\t\t<\/div>\n\n\t\n<\/div>\n<div class=\"row\"  id=\"row-1324966929\">\n\n\t<div id=\"col-1360486257\" class=\"col small-12 large-12\"  >\n\t\t\t\t<div class=\"col-inner\"  >\n\t\t\t\n\t\t\t\n\t<div id=\"text-3198275042\" class=\"text\">\n\t\t\n<h2>K\u1ebft Lu\u00e2n<\/h2>\n<p><span style=\"font-family: verdana, geneva, sans-serif;\">AS9 h\u1ed9i t\u1ee5 \u0111\u1ea7y \u0111\u1ee7 y\u1ebfu t\u1ed1 c\u1ee7a nh\u00e0 c\u00e1i h\u00e0ng \u0111\u1ea7u: uy t\u00edn, b\u1ea3o m\u1eadt, t\u1ef7 l\u1ec7 th\u1eafng cao, kho tr\u00f2 ch\u01a1i phong ph\u00fa. H\u01a1n 1000+ tr\u00f2 ch\u01a1i, \u01b0u \u0111\u00e3i h\u1ea5p d\u1eabn, th\u01b0\u01a1ng hi\u1ec7u mang \u0111\u1ebfn tr\u1ea3i nghi\u1ec7m c\u00e1 c\u01b0\u1ee3c s\u1ed1ng \u0111\u1ed9ng, c\u01a1 h\u1ed9i th\u1eafng l\u1edbn. Ng\u01b0\u1eddi ch\u01a1i \u0111\u01b0\u1ee3c t\u1eadn h\u01b0\u1edfng giao di\u1ec7n hi\u1ec7n \u0111\u1ea1i, thanh to\u00e1n nhanh ch\u00f3ng v\u00e0 d\u1ecbch v\u1ee5 h\u1ed7 tr\u1ee3 24\/7, kh\u1eb3ng \u0111\u1ecbnh \u0111\u00e2y l\u00e0 l\u1ef1a ch\u1ecdn ho\u00e0n h\u1ea3o cho m\u1ecdi nhu c\u1ea7u gi\u1ea3i tr\u00ed tr\u1ef1c tuy\u1ebfn. H\u00e3y tham gia ngay \u0111\u1ec3 tr\u1ea3i nghi\u1ec7m kh\u00e1c bi\u1ec7t, chi\u1ebfn th\u1eafng \u0111\u1ec9nh cao.<\/span><\/p>\n\t\t\n<style>\n#text-3198275042 {\n  color: rgb(0,0,0);\n}\n#text-3198275042 > * {\n  color: rgb(0,0,0);\n}\n<\/style>\n\t<\/div>\n\t\n\t\t<\/div>\n\t\t\t\t\t<\/div>\n\n\t\n<\/div>\n","protected":false},"excerpt":{"rendered":"","protected":false},"author":1,"featured_media":6,"parent":0,"menu_order":0,"comment_status":"closed","ping_status":"closed","template":"","meta":{"footnotes":""},"class_list":["post-32","page","type-page","status-publish","has-post-thumbnail","hentry"],"_links":{"self":[{"href":"https:\/\/as9-com.com\/index.php?rest_route=\/wp\/v2\/pages\/32","targetHints":{"allow":["GET"]}}],"collection":[{"href":"https:\/\/as9-com.com\/index.php?rest_route=\/wp\/v2\/pages"}],"about":[{"href":"https:\/\/as9-com.com\/index.php?rest_route=\/wp\/v2\/types\/page"}],"author":[{"embeddable":true,"href":"https:\/\/as9-com.com\/index.php?rest_route=\/wp\/v2\/users\/1"}],"replies":[{"embeddable":true,"href":"https:\/\/as9-com.com\/index.php?rest_route=%2Fwp%2Fv2%2Fcomments&post=32"}],"version-history":[{"count":12,"href":"https:\/\/as9-com.com\/index.php?rest_route=\/wp\/v2\/pages\/32\/revisions"}],"predecessor-version":[{"id":70,"href":"https:\/\/as9-com.com\/index.php?rest_route=\/wp\/v2\/pages\/32\/revisions\/70"}],"wp:featuredmedia":[{"embeddable":true,"href":"https:\/\/as9-com.com\/index.php?rest_route=\/wp\/v2\/media\/6"}],"wp:attachment":[{"href":"https:\/\/as9-com.com\/index.php?rest_route=%2Fwp%2Fv2%2Fmedia&parent=32"}],"curies":[{"name":"wp","href":"https:\/\/api.w.org\/{rel}","templated":true}]}}